{"id":3111,"date":"2025-11-07T12:46:16","date_gmt":"2025-11-07T11:46:16","guid":{"rendered":"https:\/\/f-one.si\/?post_type=product&#038;p=3111"},"modified":"2025-11-07T12:46:16","modified_gmt":"2025-11-07T11:46:16","slug":"trigger-tec","status":"publish","type":"product","link":"https:\/\/f-one.si\/sl\/izdelek\/trigger-tec\/","title":{"rendered":"TRIGGER TEC"},"content":{"rendered":"","protected":false},"excerpt":{"rendered":"<p><strong><em>Get off of my cloud<\/em><\/strong><\/p>\n<p class=\"p1\">The TRIGGER TEC, the latest kite designed by Ralf Gr\u00f6sel, brings high-performance and Big Air within reach of more riders than ever. Sharing its DNA with the TRIGGER Brainchild, this kite is built for effortless jumps, fantastic hangtime, and confidence-inspiring loops, all thanks to an intuitive and accessible design.<\/p>\n<ul class=\"ul1\">\n<li class=\"li2\"><b>Accessible and intuitive Big Air kite, designed by Ralf Gr\u00f6sel<\/b><\/li>\n<li class=\"li2\"><b>High aspect ratio and five-strut design for a responsive sheet-and-go feel<\/b><\/li>\n<li class=\"li2\"><b>Incredible hangtime and vertical boost<\/b><\/li>\n<li class=\"li2\"><b>Intuitive handling and jumps<\/b><\/li>\n<li class=\"li2\"><b>Maximum confidence to send loops, even the most committed ones<\/b><\/li>\n<li class=\"li2\"><b>Nov sistem z eno \u010drpalko za hitrej\u0161e napihovanje in la\u017eje praznjenje<\/b><\/li>\n<\/ul>","protected":false},"featured_media":3115,"template":"","meta":{"_uag_custom_page_level_css":"","site-sidebar-layout":"no-sidebar","site-content-layout":"plain-container","ast-site-content-layout":"default","site-content-style":"default","site-sidebar-style":"default","ast-global-header-display":"","ast-banner-title-visibility":"","ast-main-header-display":"","ast-hfb-above-header-display":"","ast-hfb-below-header-display":"","ast-hfb-mobile-header-display":"","site-post-title":"disabled","ast-breadcrumbs-content":"","ast-featured-img":"disabled","footer-sml-layout":"","theme-transparent-header-meta":"default","adv-header-id-meta":"","stick-header-meta":"","header-above-stick-meta":"","header-main-stick-meta":"","header-below-stick-meta":"","astra-migrate-meta-layouts":"set","ast-page-background-enabled":"default","ast-page-background-meta":{"desktop":{"background-color":"var(--ast-global-color-4)","background-image":"","background-repeat":"repeat","background-position":"center center","background-size":"auto","background-attachment":"scroll","background-type":"","background-media":"","overlay-type":"","overlay-color":"","overlay-opacity":"","overlay-gradient":""},"tablet":{"background-color":"","background-image":"","background-repeat":"repeat","background-position":"center center","background-size":"auto","background-attachment":"scroll","background-type":"","background-media":"","overlay-type":"","overlay-color":"","overlay-opacity":"","overlay-gradient":""},"mobile":{"background-color":"","background-image":"","background-repeat":"repeat","background-position":"center center","background-size":"auto","background-attachment":"scroll","background-type":"","background-media":"","overlay-type":"","overlay-color":"","overlay-opacity":"","overlay-gradient":""}},"ast-content-background-meta":{"desktop":{"background-color":"var(--ast-global-color-5)","background-image":"","background-repeat":"repeat","background-position":"center center","background-size":"auto","background-attachment":"scroll","background-type":"","background-media":"","overlay-type":"","overlay-color":"","overlay-opacity":"","overlay-gradient":""},"tablet":{"background-color":"var(--ast-global-color-5)","background-image":"","background-repeat":"repeat","background-position":"center center","background-size":"auto","background-attachment":"scroll","background-type":"","background-media":"","overlay-type":"","overlay-color":"","overlay-opacity":"","overlay-gradient":""},"mobile":{"background-color":"var(--ast-global-color-5)","background-image":"","background-repeat":"repeat","background-position":"center center","background-size":"auto","background-attachment":"scroll","background-type":"","background-media":"","overlay-type":"","overlay-color":"","overlay-opacity":"","overlay-gradient":""}}},"product_brand":[],"product_cat":[34],"product_tag":[],"class_list":{"0":"post-3111","1":"product","2":"type-product","3":"status-publish","4":"has-post-thumbnail","6":"product_cat-kites","7":"pa_size-49","8":"desktop-align-left","9":"tablet-align-left","10":"mobile-align-left","11":"ast-product-gallery-layout-horizontal-slider","12":"ast-product-gallery-with-no-image","13":"ast-product-single-variable","14":"ast-product-tabs-layout-horizontal","16":"first","17":"instock","18":"taxable","19":"shipping-taxable","20":"product-type-variable"},"uagb_featured_image_src":{"full":["https:\/\/f-one.si\/wp-content\/uploads\/2025\/11\/TRIGGER-CODE-TEC-CCA-650x650-1.png",650,650,false],"thumbnail":["https:\/\/f-one.si\/wp-content\/uploads\/2025\/11\/TRIGGER-CODE-TEC-CCA-650x650-1-150x150.png",150,150,true],"medium":["https:\/\/f-one.si\/wp-content\/uploads\/2025\/11\/TRIGGER-CODE-TEC-CCA-650x650-1-300x300.png",300,300,true],"medium_large":["https:\/\/f-one.si\/wp-content\/uploads\/2025\/11\/TRIGGER-CODE-TEC-CCA-650x650-1.png",650,650,false],"large":["https:\/\/f-one.si\/wp-content\/uploads\/2025\/11\/TRIGGER-CODE-TEC-CCA-650x650-1.png",650,650,false],"1536x1536":["https:\/\/f-one.si\/wp-content\/uploads\/2025\/11\/TRIGGER-CODE-TEC-CCA-650x650-1.png",650,650,false],"2048x2048":["https:\/\/f-one.si\/wp-content\/uploads\/2025\/11\/TRIGGER-CODE-TEC-CCA-650x650-1.png",650,650,false],"trp-custom-language-flag":["https:\/\/f-one.si\/wp-content\/uploads\/2025\/11\/TRIGGER-CODE-TEC-CCA-650x650-1-12x12.png",12,12,true],"custom-category-thumb":["https:\/\/f-one.si\/wp-content\/uploads\/2025\/11\/TRIGGER-CODE-TEC-CCA-650x650-1-300x150.png",300,150,true],"woocommerce_thumbnail":["https:\/\/f-one.si\/wp-content\/uploads\/2025\/11\/TRIGGER-CODE-TEC-CCA-650x650-1-300x300.png",300,300,true],"woocommerce_single":["https:\/\/f-one.si\/wp-content\/uploads\/2025\/11\/TRIGGER-CODE-TEC-CCA-650x650-1-600x600.png",600,600,true],"woocommerce_gallery_thumbnail":["https:\/\/f-one.si\/wp-content\/uploads\/2025\/11\/TRIGGER-CODE-TEC-CCA-650x650-1-100x100.png",100,100,true]},"uagb_author_info":{"display_name":"Mihael Pustisek","author_link":"https:\/\/f-one.si\/sl\/author\/"},"uagb_comment_info":0,"uagb_excerpt":"Get off of my cloud The TRIGGER TEC, the latest kite designed by Ralf Gr\u00f6sel, brings high-performance and Big Air within reach of more riders than ever. Sharing its DNA with the TRIGGER Brainchild, this kite is built for effortless jumps, fantastic hangtime, and confidence-inspiring loops, all thanks to an intuitive and accessible design. Accessible&hellip;","_links":{"self":[{"href":"https:\/\/f-one.si\/sl\/wp-json\/wp\/v2\/product\/3111","targetHints":{"allow":["GET"]}}],"collection":[{"href":"https:\/\/f-one.si\/sl\/wp-json\/wp\/v2\/product"}],"about":[{"href":"https:\/\/f-one.si\/sl\/wp-json\/wp\/v2\/types\/product"}],"wp:featuredmedia":[{"embeddable":true,"href":"https:\/\/f-one.si\/sl\/wp-json\/wp\/v2\/media\/3115"}],"wp:attachment":[{"href":"https:\/\/f-one.si\/sl\/wp-json\/wp\/v2\/media?parent=3111"}],"wp:term":[{"taxonomy":"product_brand","embeddable":true,"href":"https:\/\/f-one.si\/sl\/wp-json\/wp\/v2\/product_brand?post=3111"},{"taxonomy":"product_cat","embeddable":true,"href":"https:\/\/f-one.si\/sl\/wp-json\/wp\/v2\/product_cat?post=3111"},{"taxonomy":"product_tag","embeddable":true,"href":"https:\/\/f-one.si\/sl\/wp-json\/wp\/v2\/product_tag?post=3111"}],"curies":[{"name":"wp","href":"https:\/\/api.w.org\/{rel}","templated":true}]}}