{"id":2379,"date":"2024-10-16T15:10:58","date_gmt":"2024-10-16T13:10:58","guid":{"rendered":"https:\/\/f-one.si\/?post_type=product&#038;p=2379"},"modified":"2025-02-06T14:46:20","modified_gmt":"2025-02-06T13:46:20","slug":"bandit-15-2022","status":"publish","type":"product","link":"https:\/\/f-one.si\/sl\/izdelek\/bandit-15-2022\/","title":{"rendered":"Bandit 15 2022"},"content":{"rendered":"<h3>Predstavitev:<\/h3>\n<p><img loading=\"lazy\" decoding=\"async\" class=\"alignnone size-medium wp-image-2386\" src=\"https:\/\/f-one.si\/wp-content\/uploads\/2024\/10\/BANDIT-15-FRONT-LEFT-RIGHT-SIDES-v2-300x104.png\" alt=\"\" width=\"300\" height=\"104\" srcset=\"https:\/\/f-one.si\/wp-content\/uploads\/2024\/10\/BANDIT-15-FRONT-LEFT-RIGHT-SIDES-v2-300x104.png 300w, https:\/\/f-one.si\/wp-content\/uploads\/2024\/10\/BANDIT-15-FRONT-LEFT-RIGHT-SIDES-v2-768x266.png 768w, https:\/\/f-one.si\/wp-content\/uploads\/2024\/10\/BANDIT-15-FRONT-LEFT-RIGHT-SIDES-v2-18x6.png 18w, https:\/\/f-one.si\/wp-content\/uploads\/2024\/10\/BANDIT-15-FRONT-LEFT-RIGHT-SIDES-v2-600x208.png 600w, https:\/\/f-one.si\/wp-content\/uploads\/2024\/10\/BANDIT-15-FRONT-LEFT-RIGHT-SIDES-v2.png 1000w\" sizes=\"auto, (max-width: 300px) 100vw, 300px\" \/><\/p>\n<p>BANDIT je v zraku izjemno stabilen, ne glede na veter. Njegov fantasti\u010den nadzor vam omogo\u010da visoko raven zmogljivosti na vseh podro\u010djih. Zmajem se sunki vetra pretvorijo v poteg naprej.<\/p>\n<p>Izbolj\u0161ajte svoje gibe v velikem zraku z novim modelom BANDIT. Zmajeva zanka je letos hitrej\u0161a in ima manj\u0161i polmer obra\u010danja, kar vam omogo\u010da, da izberete tako veliko ali tako malo intenzivnosti, kot si \u017eelite. Zmajem dobite popolno podporo, zato so pristanki mehkej\u0161i, saj dobite dodaten vzgon pred pristankom.<\/p>\n<p>Navdu\u0161ujo\u010d takoj\u0161en odziv na krmiljenje omogo\u010da natan\u010dno letenje z najbolj\u0161im ravnovesjem med enostavnostjo vnosa in povratnimi impulzi zmaja. Rezultat tega je zelo linearen ob\u010dutek brez zatikanja. Izkusite \u010dudovit ob\u010dutek BANDIT-a, saj krmiljenje in listje tako lepo sodelujeta.<\/p>\n<p>BANDIT XV omogo\u010da izbolj\u0161an \u010das visenja, vi\u0161ino \u010distega skoka in vertikalno pove\u010danje. Zahteva manj spretnosti in naporov za nalaganje zmaja, preden ga po\u0161ljete.<\/p>\n<p>Vo\u017enja proti vetru je preprosta in udobna, po preizku\u0161anju novih trikov in velikih skokov pa vas bo ponovno napolnil z vetrom!<\/p>\n<p>Zaradi legendarne oblike Delta C-Shape, edine \u0161e vedno patentirane oblike zmaja, ponuja neprimerljiv ob\u010dutek na palici, najbolj\u0161o sposobnost ponovnega vzleta in izjemno stabilnost.<\/p>\n<p>Prednji rob je bil preoblikovan z enim segmentom ve\u010d in novim premerom za optimalno manevriranje in stabilnost.<\/p>\n<p>Nova dvojna navpi\u010dna plo\u0161\u010da okoli zadnjega roba, dvojni zadnji rob krilca in la\u017eji dakron med S1 in S2 zagotavljajo najbolj eleganten profil za najbolj stabilen let.<\/p>\n<p>Izbolj\u0161ana je bila oja\u010ditev in celotna konstrukcija, kar omogo\u010da \u0161e bolj\u0161i nadzor.<\/p>\n<p>Najbolj iskan \u017ee 15 let in \u0161e vedno je na sporedu, BANDIT pa nikoli ne preseneti.<\/p>","protected":false},"excerpt":{"rendered":"<ul>\n<li>\u00a0Impresivna stabilnost ne glede na razmere<\/li>\n<li>\u00a0Absolutni nadzor v vsakem trenutku<\/li>\n<li>Neverjetna odzivnost za izjemne ob\u010dutke<\/li>\n<li>Natan\u010dno letenje z odli\u010dnim dosegom in u\u010dinkovitostjo<\/li>\n<li>\u00a0Izbolj\u0161ano pove\u010danje, \u010das visenja in kiteloopi<\/li>\n<li>Sposobnosti za vo\u017enjo proti vetru brez te\u017eav<\/li>\n<\/ul>","protected":false},"featured_media":2381,"template":"","meta":{"_uag_custom_page_level_css":"","site-sidebar-layout":"default","site-content-layout":"","ast-site-content-layout":"default","site-content-style":"default","site-sidebar-style":"default","ast-global-header-display":"","ast-banner-title-visibility":"","ast-main-header-display":"","ast-hfb-above-header-display":"","ast-hfb-below-header-display":"","ast-hfb-mobile-header-display":"","site-post-title":"","ast-breadcrumbs-content":"","ast-featured-img":"","footer-sml-layout":"","theme-transparent-header-meta":"default","adv-header-id-meta":"","stick-header-meta":"","header-above-stick-meta":"","header-main-stick-meta":"","header-below-stick-meta":"","astra-migrate-meta-layouts":"set","ast-page-background-enabled":"default","ast-page-background-meta":{"desktop":{"background-color":"var(--ast-global-color-4)","background-image":"","background-repeat":"repeat","background-position":"center center","background-size":"auto","background-attachment":"scroll","background-type":"","background-media":"","overlay-type":"","overlay-color":"","overlay-opacity":"","overlay-gradient":""},"tablet":{"background-color":"","background-image":"","background-repeat":"repeat","background-position":"center center","background-size":"auto","background-attachment":"scroll","background-type":"","background-media":"","overlay-type":"","overlay-color":"","overlay-opacity":"","overlay-gradient":""},"mobile":{"background-color":"","background-image":"","background-repeat":"repeat","background-position":"center center","background-size":"auto","background-attachment":"scroll","background-type":"","background-media":"","overlay-type":"","overlay-color":"","overlay-opacity":"","overlay-gradient":""}},"ast-content-background-meta":{"desktop":{"background-color":"var(--ast-global-color-5)","background-image":"","background-repeat":"repeat","background-position":"center center","background-size":"auto","background-attachment":"scroll","background-type":"","background-media":"","overlay-type":"","overlay-color":"","overlay-opacity":"","overlay-gradient":""},"tablet":{"background-color":"var(--ast-global-color-5)","background-image":"","background-repeat":"repeat","background-position":"center center","background-size":"auto","background-attachment":"scroll","background-type":"","background-media":"","overlay-type":"","overlay-color":"","overlay-opacity":"","overlay-gradient":""},"mobile":{"background-color":"var(--ast-global-color-5)","background-image":"","background-repeat":"repeat","background-position":"center center","background-size":"auto","background-attachment":"scroll","background-type":"","background-media":"","overlay-type":"","overlay-color":"","overlay-opacity":"","overlay-gradient":""}}},"product_brand":[],"product_cat":[41],"product_tag":[],"class_list":{"0":"post-2379","1":"product","2":"type-product","3":"status-publish","4":"has-post-thumbnail","6":"product_cat-outlet","7":"pa_size-51","8":"pa_size-53","9":"desktop-align-left","10":"tablet-align-left","11":"mobile-align-left","12":"ast-product-gallery-layout-horizontal-slider","13":"ast-product-gallery-with-no-image","14":"ast-product-single-variable","15":"ast-product-tabs-layout-horizontal","17":"first","18":"instock","19":"taxable","20":"shipping-taxable","21":"purchasable","22":"product-type-variable"},"uagb_featured_image_src":{"full":["https:\/\/f-one.si\/wp-content\/uploads\/2024\/10\/BANDIT-15-CC1-HD-v2-650x650-1.png",650,650,false],"thumbnail":["https:\/\/f-one.si\/wp-content\/uploads\/2024\/10\/BANDIT-15-CC1-HD-v2-650x650-1-150x150.png",150,150,true],"medium":["https:\/\/f-one.si\/wp-content\/uploads\/2024\/10\/BANDIT-15-CC1-HD-v2-650x650-1-300x300.png",300,300,true],"medium_large":["https:\/\/f-one.si\/wp-content\/uploads\/2024\/10\/BANDIT-15-CC1-HD-v2-650x650-1.png",650,650,false],"large":["https:\/\/f-one.si\/wp-content\/uploads\/2024\/10\/BANDIT-15-CC1-HD-v2-650x650-1.png",650,650,false],"1536x1536":["https:\/\/f-one.si\/wp-content\/uploads\/2024\/10\/BANDIT-15-CC1-HD-v2-650x650-1.png",650,650,false],"2048x2048":["https:\/\/f-one.si\/wp-content\/uploads\/2024\/10\/BANDIT-15-CC1-HD-v2-650x650-1.png",650,650,false],"trp-custom-language-flag":["https:\/\/f-one.si\/wp-content\/uploads\/2024\/10\/BANDIT-15-CC1-HD-v2-650x650-1-12x12.png",12,12,true],"custom-category-thumb":["https:\/\/f-one.si\/wp-content\/uploads\/2024\/10\/BANDIT-15-CC1-HD-v2-650x650-1.png",150,150,false],"woocommerce_thumbnail":["https:\/\/f-one.si\/wp-content\/uploads\/2024\/10\/BANDIT-15-CC1-HD-v2-650x650-1-300x300.png",300,300,true],"woocommerce_single":["https:\/\/f-one.si\/wp-content\/uploads\/2024\/10\/BANDIT-15-CC1-HD-v2-650x650-1-600x600.png",600,600,true],"woocommerce_gallery_thumbnail":["https:\/\/f-one.si\/wp-content\/uploads\/2024\/10\/BANDIT-15-CC1-HD-v2-650x650-1-100x100.png",100,100,true]},"uagb_author_info":{"display_name":"zigia","author_link":"https:\/\/f-one.si\/sl\/author\/"},"uagb_comment_info":0,"uagb_excerpt":"\u00a0Impressive stability no matter the conditions \u00a0Absolute control at all time Amazing responsiveness for epic sensations Precision flying with an excellent range and efficiency \u00a0Improved boost, hangtime and kiteloops Effortless upwind abilities","_links":{"self":[{"href":"https:\/\/f-one.si\/sl\/wp-json\/wp\/v2\/product\/2379","targetHints":{"allow":["GET"]}}],"collection":[{"href":"https:\/\/f-one.si\/sl\/wp-json\/wp\/v2\/product"}],"about":[{"href":"https:\/\/f-one.si\/sl\/wp-json\/wp\/v2\/types\/product"}],"wp:featuredmedia":[{"embeddable":true,"href":"https:\/\/f-one.si\/sl\/wp-json\/wp\/v2\/media\/2381"}],"wp:attachment":[{"href":"https:\/\/f-one.si\/sl\/wp-json\/wp\/v2\/media?parent=2379"}],"wp:term":[{"taxonomy":"product_brand","embeddable":true,"href":"https:\/\/f-one.si\/sl\/wp-json\/wp\/v2\/product_brand?post=2379"},{"taxonomy":"product_cat","embeddable":true,"href":"https:\/\/f-one.si\/sl\/wp-json\/wp\/v2\/product_cat?post=2379"},{"taxonomy":"product_tag","embeddable":true,"href":"https:\/\/f-one.si\/sl\/wp-json\/wp\/v2\/product_tag?post=2379"}],"curies":[{"name":"wp","href":"https:\/\/api.w.org\/{rel}","templated":true}]}}