{"id":2123,"date":"2024-10-11T18:39:47","date_gmt":"2024-10-11T16:39:47","guid":{"rendered":"https:\/\/f-one.si\/?post_type=product&#038;p=2123"},"modified":"2025-02-26T08:39:12","modified_gmt":"2025-02-26T07:39:12","slug":"bandit-12","status":"publish","type":"product","link":"https:\/\/f-one.si\/sl\/izdelek\/bandit-12\/","title":{"rendered":"Bandit 12 | 2019 | Poletna izdaja"},"content":{"rendered":"<h3>Predstavitev<\/h3>\n<ul>\n<li>Ogromen obseg vo\u017enje: Fantasti\u010dno obvladovanje sunkov in razpon mo\u010di novega Bandita pomenita, da boste u\u017eivali v vsaki vo\u017enji, ne glede na razmere.<\/li>\n<li>Izjemna okretnost in odzivnost: Kot da bi letel z bojnim letalom namesto s potni\u0161kim!<\/li>\n<li>Kon\u010dna povezava : Novi Bandit je podalj\u0161ek va\u0161ega telesa, ki deluje v harmoniji z vami; ta edinstvena povezava pomeni, da kajt \u017ee naredi zavoj, takoj ko si ga zamislite, s popolnim ob\u010dutkom in nadzorom.<\/li>\n<li>Najve\u010dje udobje zaradi gladkega in enakomernega dovajanja mo\u010di ter zmanj\u0161anega bo\u010dnega vleka<\/li>\n<li>Popolna zdru\u017eitev na\u0161ega znanja, najnovej\u0161ih materialov in tehnologije pomeni, da lahko u\u017eivate v zmaju, ki je odli\u010den v vseh disciplinah in ki vam bo vtisnil v spomin vsako sejo.<\/li>\n<\/ul>\n<p><img decoding=\"async\" src=\"https:\/\/f-one.world\/app\/uploads\/2018\/07\/bandit-12-the-legend-better-again-4.png\" alt=\"Bandit 12 Legenda, spet bolje 3\" \/><\/p>\n<h3>Obseg vo\u017enje<\/h3>\n<p>To je bila vedno klju\u010dna prednost modela Bandit, saj \u0161ir\u0161i razpon vetra pomeni, da lahko u\u017eivate v dalj\u0161ih seansah v bolj raznolikih razmerah. Vendar pa samo zato, ker zmaje deluje v \u0161irokem obmo\u010dju, \u0161e ne pomeni, da so dobri. Cilj oblikovalcev in preizku\u0161evalcev je bil izbolj\u0161ati u\u010dinkovito \"obmo\u010dje vo\u017enje\"; to je obmo\u010dje vetra, v katerem lahko izvajate vse svoje trike. Bandit vam bo omogo\u010dil, da boste ne glede na razmere vozili kar najbolje.<\/p>\n<h3>Kon\u010dna povezava<\/h3>\n<p>Med jaha\u010dem, vetrom in vodo obstaja posebna povezava. Povezava z zmajem je klju\u010dnega pomena, saj tako \u010dutite mo\u010d vetra, poleg tega pa omogo\u010da tudi nadzor. Ob\u010dutki, ki jih do\u017eivljamo med kajtanjem, so vedno druga\u010dni, veter se nenehno spreminja, prav tako voda, po kateri se vozimo. Novi Bandit s predvidljivim in doslednim prenosom mo\u010di ter neverjetnimi povratnimi informacijami s palice zagotavlja, da je vsaka seansa dobra. Ne bo ve\u010d prito\u017eb zaradi sunkovitega vetra ali boja za nadzor, ko je mo\u010d prevelika.<\/p>\n<h3>Manevrske zmogljivosti<\/h3>\n<p>Pri podjetju F-One verjamemo, da smo bolj sre\u010dni, \u010de vozimo manj\u0161e zmaje. Letenje z zmaji velikosti 7-9 m je vedno najbolj zabavno, saj so tako odzivni. Letos je bilo upravljanje novega zmaja Bandit \u0161e dodatno izbolj\u0161ano, tako da se vsak zmaj na nebu zdi manj\u0161i. Ugotovili boste, da 12-metrski zmaj leti kot 9-metrski in ta ob\u010dutek je neprecenljiv.<\/p>\n<h3>Nemoteno dovajanje energije<\/h3>\n<p>Mnogi zmajarji se ne zavedajo v celoti pomena bo\u010dnega vleka pri svojih zmajih. Med vo\u017enjo se vedno borimo s silami, ki jih povzro\u010da zmaj, tako da z nagibanjem deske ustvarjamo gibanje naprej. \u017de ve\u010d let si prizadevamo zmanj\u0161ati bo\u010dno vleko, ki jo \u010duti voznik, kar pomeni, da lahko z manj napora u\u017eivate v dalj\u0161ih in udobnej\u0161ih seansah. Novi Bandit ponuja popolno ravnovesje med mo\u010djo in bo\u010dnim potegom, s fantasti\u010dnim nizkim koncem in neverjetnim udobjem v sredini in na vrhu vetrovnega obmo\u010dja. Robljenje robnikov \u0161e nikoli ni bilo tako enostavno, va\u0161i skoki bodo \u0161e ve\u010dji, va\u0161a deska pa spro\u0161\u010dena.<\/p>","protected":false},"excerpt":{"rendered":"<ul>\n<li>Velik razpon vo\u017enje<\/li>\n<li>Igriv v vseh pogojih<\/li>\n<li>Samodejni zagon brez skrbi<\/li>\n<li>Izjemna okretnost<\/li>\n<li>Popolno ravnovesje med mo\u010djo in bo\u010dnim potegom<\/li>\n<li>Natan\u010den nadzor hitrosti<\/li>\n<li>Najpomembnej\u0161a povezava za popolno povratno informacijo od va\u0161ega zmaja<\/li>\n<\/ul>","protected":false},"featured_media":2543,"template":"","meta":{"_uag_custom_page_level_css":"","site-sidebar-layout":"default","site-content-layout":"","ast-site-content-layout":"default","site-content-style":"default","site-sidebar-style":"default","ast-global-header-display":"","ast-banner-title-visibility":"","ast-main-header-display":"","ast-hfb-above-header-display":"","ast-hfb-below-header-display":"","ast-hfb-mobile-header-display":"","site-post-title":"","ast-breadcrumbs-content":"","ast-featured-img":"","footer-sml-layout":"","theme-transparent-header-meta":"default","adv-header-id-meta":"","stick-header-meta":"","header-above-stick-meta":"","header-main-stick-meta":"","header-below-stick-meta":"","astra-migrate-meta-layouts":"set","ast-page-background-enabled":"default","ast-page-background-meta":{"desktop":{"background-color":"var(--ast-global-color-4)","background-image":"","background-repeat":"repeat","background-position":"center center","background-size":"auto","background-attachment":"scroll","background-type":"","background-media":"","overlay-type":"","overlay-color":"","overlay-opacity":"","overlay-gradient":""},"tablet":{"background-color":"","background-image":"","background-repeat":"repeat","background-position":"center center","background-size":"auto","background-attachment":"scroll","background-type":"","background-media":"","overlay-type":"","overlay-color":"","overlay-opacity":"","overlay-gradient":""},"mobile":{"background-color":"","background-image":"","background-repeat":"repeat","background-position":"center center","background-size":"auto","background-attachment":"scroll","background-type":"","background-media":"","overlay-type":"","overlay-color":"","overlay-opacity":"","overlay-gradient":""}},"ast-content-background-meta":{"desktop":{"background-color":"var(--ast-global-color-5)","background-image":"","background-repeat":"repeat","background-position":"center center","background-size":"auto","background-attachment":"scroll","background-type":"","background-media":"","overlay-type":"","overlay-color":"","overlay-opacity":"","overlay-gradient":""},"tablet":{"background-color":"var(--ast-global-color-5)","background-image":"","background-repeat":"repeat","background-position":"center center","background-size":"auto","background-attachment":"scroll","background-type":"","background-media":"","overlay-type":"","overlay-color":"","overlay-opacity":"","overlay-gradient":""},"mobile":{"background-color":"var(--ast-global-color-5)","background-image":"","background-repeat":"repeat","background-position":"center center","background-size":"auto","background-attachment":"scroll","background-type":"","background-media":"","overlay-type":"","overlay-color":"","overlay-opacity":"","overlay-gradient":""}}},"product_brand":[],"product_cat":[41],"product_tag":[],"class_list":{"0":"post-2123","1":"product","2":"type-product","3":"status-publish","4":"has-post-thumbnail","6":"product_cat-outlet","7":"pa_size-44","8":"pa_size-50","9":"pa_size-55","10":"desktop-align-left","11":"tablet-align-left","12":"mobile-align-left","13":"ast-product-gallery-layout-horizontal-slider","14":"ast-product-single-variable","15":"ast-product-tabs-layout-horizontal","17":"first","18":"instock","19":"taxable","20":"shipping-taxable","21":"purchasable","22":"product-type-variable"},"uagb_featured_image_src":{"full":["https:\/\/f-one.si\/wp-content\/uploads\/2024\/10\/Bandit_2019-SC-01-right.png",2500,1900,false],"thumbnail":["https:\/\/f-one.si\/wp-content\/uploads\/2024\/10\/Bandit_2019-SC-01-right-150x150.png",150,150,true],"medium":["https:\/\/f-one.si\/wp-content\/uploads\/2024\/10\/Bandit_2019-SC-01-right-300x228.png",300,228,true],"medium_large":["https:\/\/f-one.si\/wp-content\/uploads\/2024\/10\/Bandit_2019-SC-01-right-768x584.png",768,584,true],"large":["https:\/\/f-one.si\/wp-content\/uploads\/2024\/10\/Bandit_2019-SC-01-right-1024x778.png",1024,778,true],"1536x1536":["https:\/\/f-one.si\/wp-content\/uploads\/2024\/10\/Bandit_2019-SC-01-right-1536x1167.png",1536,1167,true],"2048x2048":["https:\/\/f-one.si\/wp-content\/uploads\/2024\/10\/Bandit_2019-SC-01-right-2048x1556.png",2048,1556,true],"trp-custom-language-flag":["https:\/\/f-one.si\/wp-content\/uploads\/2024\/10\/Bandit_2019-SC-01-right-16x12.png",16,12,true],"custom-category-thumb":["https:\/\/f-one.si\/wp-content\/uploads\/2024\/10\/Bandit_2019-SC-01-right.png",197,150,false],"woocommerce_thumbnail":["https:\/\/f-one.si\/wp-content\/uploads\/2024\/10\/Bandit_2019-SC-01-right-300x300.png",300,300,true],"woocommerce_single":["https:\/\/f-one.si\/wp-content\/uploads\/2024\/10\/Bandit_2019-SC-01-right-600x456.png",600,456,true],"woocommerce_gallery_thumbnail":["https:\/\/f-one.si\/wp-content\/uploads\/2024\/10\/Bandit_2019-SC-01-right-100x100.png",100,100,true]},"uagb_author_info":{"display_name":"Mihael Pustisek","author_link":"https:\/\/f-one.si\/sl\/author\/"},"uagb_comment_info":0,"uagb_excerpt":"Huge riding range Playful in all conditions Worry-free auto-relaunch Extraordinary maneuverability Perfect balance between power delivery and lateral pull Precise speed control Ultimate link for a perfect feedback from your kite","_links":{"self":[{"href":"https:\/\/f-one.si\/sl\/wp-json\/wp\/v2\/product\/2123","targetHints":{"allow":["GET"]}}],"collection":[{"href":"https:\/\/f-one.si\/sl\/wp-json\/wp\/v2\/product"}],"about":[{"href":"https:\/\/f-one.si\/sl\/wp-json\/wp\/v2\/types\/product"}],"wp:featuredmedia":[{"embeddable":true,"href":"https:\/\/f-one.si\/sl\/wp-json\/wp\/v2\/media\/2543"}],"wp:attachment":[{"href":"https:\/\/f-one.si\/sl\/wp-json\/wp\/v2\/media?parent=2123"}],"wp:term":[{"taxonomy":"product_brand","embeddable":true,"href":"https:\/\/f-one.si\/sl\/wp-json\/wp\/v2\/product_brand?post=2123"},{"taxonomy":"product_cat","embeddable":true,"href":"https:\/\/f-one.si\/sl\/wp-json\/wp\/v2\/product_cat?post=2123"},{"taxonomy":"product_tag","embeddable":true,"href":"https:\/\/f-one.si\/sl\/wp-json\/wp\/v2\/product_tag?post=2123"}],"curies":[{"name":"wp","href":"https:\/\/api.w.org\/{rel}","templated":true}]}}